{"id":38,"date":"2022-09-29T10:21:48","date_gmt":"2022-09-29T08:21:48","guid":{"rendered":"http:\/\/walden-holding.de\/\/?page_id=38"},"modified":"2025-01-23T18:33:24","modified_gmt":"2025-01-23T17:33:24","slug":"entrepreneur","status":"publish","type":"page","link":"https:\/\/walden-holding.de\/de\/entrepreneur\/","title":{"rendered":"Entrepreneur"},"content":{"rendered":"<div data-elementor-type=\"wp-page\" data-elementor-id=\"38\" class=\"elementor elementor-38\" data-elementor-post-type=\"page\">\n\t\t\t\t<div class=\"elementor-element elementor-element-cd836d8 e-con-full elementor-hidden-tablet elementor-hidden-mobile e-flex e-con e-parent\" data-id=\"cd836d8\" data-element_type=\"container\" data-e-type=\"container\">\n\t\t<div class=\"elementor-element elementor-element-42df1f9 e-con-full e-flex e-con e-child\" data-id=\"42df1f9\" data-element_type=\"container\" data-e-type=\"container\">\n\t\t\t\t<div class=\"elementor-element elementor-element-b289745 elementor-widget elementor-widget-image\" data-id=\"b289745\" data-element_type=\"widget\" data-e-type=\"widget\" data-widget_type=\"image.default\">\n\t\t\t\t<div class=\"elementor-widget-container\">\n\t\t\t\t\t\t\t\t\t\t\t\t\t\t\t<img fetchpriority=\"high\" decoding=\"async\" width=\"1500\" height=\"1125\" src=\"https:\/\/walden-holding.de\/wp-content\/uploads\/2022\/10\/JoergWalden_2016-12_03_iPoint_color-1.jpg\" class=\"attachment-full size-full wp-image-511\" alt=\"\" srcset=\"https:\/\/walden-holding.de\/wp-content\/uploads\/2022\/10\/JoergWalden_2016-12_03_iPoint_color-1.jpg 1500w, https:\/\/walden-holding.de\/wp-content\/uploads\/2022\/10\/JoergWalden_2016-12_03_iPoint_color-1-300x225.jpg 300w, https:\/\/walden-holding.de\/wp-content\/uploads\/2022\/10\/JoergWalden_2016-12_03_iPoint_color-1-1024x768.jpg 1024w, https:\/\/walden-holding.de\/wp-content\/uploads\/2022\/10\/JoergWalden_2016-12_03_iPoint_color-1-768x576.jpg 768w\" sizes=\"(max-width: 1500px) 100vw, 1500px\" \/>\t\t\t\t\t\t\t\t\t\t\t\t\t\t\t<\/div>\n\t\t\t\t<\/div>\n\t\t\t\t<\/div>\n\t\t<div class=\"elementor-element elementor-element-7727d1f e-con-full e-flex e-con e-child\" data-id=\"7727d1f\" data-element_type=\"container\" data-e-type=\"container\">\n\t\t\t\t<div class=\"elementor-element elementor-element-39eebcc elementor-widget__width-initial elementor-widget elementor-widget-text-editor\" data-id=\"39eebcc\" data-element_type=\"widget\" data-e-type=\"widget\" data-widget_type=\"text-editor.default\">\n\t\t\t\t<div class=\"elementor-widget-container\">\n\t\t\t\t\t\t\t\t\t<p>\u201eTransformation braucht Mut und Mindset.\u201d<\/p>\t\t\t\t\t\t\t\t<\/div>\n\t\t\t\t<\/div>\n\t\t\t\t<\/div>\n\t\t\t\t<\/div>\n\t\t<div class=\"elementor-element elementor-element-2d74e57 elementor-hidden-desktop e-flex e-con-boxed e-con e-parent\" data-id=\"2d74e57\" data-element_type=\"container\" data-e-type=\"container\" data-settings=\"{&quot;background_background&quot;:&quot;classic&quot;}\">\n\t\t\t\t\t<div class=\"e-con-inner\">\n\t\t\t\t\t<\/div>\n\t\t\t\t<\/div>\n\t\t<div class=\"elementor-element elementor-element-c27c27e e-flex e-con-boxed e-con e-parent\" data-id=\"c27c27e\" data-element_type=\"container\" data-e-type=\"container\" data-settings=\"{&quot;background_background&quot;:&quot;classic&quot;}\">\n\t\t\t\t\t<div class=\"e-con-inner\">\n\t\t\t\t<div class=\"elementor-element elementor-element-040234f elementor-widget__width-inherit elementor-widget elementor-widget-heading\" data-id=\"040234f\" data-element_type=\"widget\" data-e-type=\"widget\" data-widget_type=\"heading.default\">\n\t\t\t\t<div class=\"elementor-widget-container\">\n\t\t\t\t\t<h2 class=\"elementor-heading-title elementor-size-default\">Zupacken und Grenzen \u00fcberwinden<\/h2>\t\t\t\t<\/div>\n\t\t\t\t<\/div>\n\t\t<div class=\"elementor-element elementor-element-56e9440 e-con-full e-flex e-con e-child\" data-id=\"56e9440\" data-element_type=\"container\" data-e-type=\"container\">\n\t\t\t\t<div class=\"elementor-element elementor-element-9311254 elementor-widget elementor-widget-text-editor\" data-id=\"9311254\" data-element_type=\"widget\" data-e-type=\"widget\" data-widget_type=\"text-editor.default\">\n\t\t\t\t<div class=\"elementor-widget-container\">\n\t\t\t\t\t\t\t\t\t<p class=\"p1\">Als Multi-Entrepreneur kenne ich alle Aspekte des Unternehmertums. Meine Sensoren erfassen Produktinnovation ebenso wie betriebswirtschaftliche Notwendigkeit. Einen besonderen Fokus lege ich auf Kultur, sie ist das Fundament einer erfolgreichen und nachhaltigen Unternehmensentwicklung.<\/p>\t\t\t\t\t\t\t\t<\/div>\n\t\t\t\t<\/div>\n\t\t\t\t<\/div>\n\t\t<div class=\"elementor-element elementor-element-2d85097 e-con-full e-flex e-con e-child\" data-id=\"2d85097\" data-element_type=\"container\" data-e-type=\"container\">\n\t\t\t\t<div class=\"elementor-element elementor-element-4ee6a5a elementor-widget elementor-widget-text-editor\" data-id=\"4ee6a5a\" data-element_type=\"widget\" data-e-type=\"widget\" data-widget_type=\"text-editor.default\">\n\t\t\t\t<div class=\"elementor-widget-container\">\n\t\t\t\t\t\t\t\t\t<p class=\"p1\">Seit 30 Jahren pr\u00e4gt Unternehmertum mein Leben. Mit dieser Erfahrung entwickle ich jetzt die Walden-Holding weiter, die sich unternehmerisch f\u00fcr eine Wende in der Wirtschaft von linear hin zu zirkul\u00e4r engagiert.<\/p>\t\t\t\t\t\t\t\t<\/div>\n\t\t\t\t<\/div>\n\t\t\t\t<\/div>\n\t\t\t\t\t<\/div>\n\t\t\t\t<\/div>\n\t\t<div class=\"elementor-element elementor-element-ddb105e e-flex e-con-boxed e-con e-parent\" data-id=\"ddb105e\" data-element_type=\"container\" data-e-type=\"container\">\n\t\t\t\t\t<div class=\"e-con-inner\">\n\t\t<div class=\"elementor-element elementor-element-11ace7d e-con-full e-flex e-con e-child\" data-id=\"11ace7d\" data-element_type=\"container\" data-e-type=\"container\">\n\t\t\t\t<div class=\"elementor-element elementor-element-b9af2bd elementor-widget elementor-widget-heading\" data-id=\"b9af2bd\" data-element_type=\"widget\" data-e-type=\"widget\" data-widget_type=\"heading.default\">\n\t\t\t\t<div class=\"elementor-widget-container\">\n\t\t\t\t\t<h2 class=\"elementor-heading-title elementor-size-default\">Meine Philosophie\n<\/h2>\t\t\t\t<\/div>\n\t\t\t\t<\/div>\n\t\t\t\t<div class=\"elementor-element elementor-element-12a6aee elementor-widget elementor-widget-text-editor\" data-id=\"12a6aee\" data-element_type=\"widget\" data-e-type=\"widget\" data-widget_type=\"text-editor.default\">\n\t\t\t\t<div class=\"elementor-widget-container\">\n\t\t\t\t\t\t\t\t\t<p class=\"p1\">Ein Unternehmen muss wirtschaftliche Interessen und gesellschaftliches Wohl verbinden. Das beginnt bei der Kultur, die menschliche F\u00fchrung in den Mittelpunkt stellt. Ein Unternehmen muss Heimat f\u00fcr die Mitarbeitenden sein, sie achten, f\u00f6rdern und f\u00fcr Wohlergehen sorgen.<\/p><p>Und es geht weiter bei Gesch\u00e4ftsmodellen, die nicht nur Mehrwert f\u00fcr die Shareholder, sondern auch f\u00fcr Umwelt und Gesellschaft erzeugen. Wollen wir diese Aspekte alle im Blick behalten und das Ziel der Kreislaufwirtschaft erreichen, m\u00fcssen wir einen Wandel weg vom kundenzentrierten Fokus hin zum produktzentrierten Fokus schaffen.<\/p>\t\t\t\t\t\t\t\t<\/div>\n\t\t\t\t<\/div>\n\t\t\t\t<\/div>\n\t\t<div class=\"elementor-element elementor-element-20e063d e-con-full e-flex e-con e-child\" data-id=\"20e063d\" data-element_type=\"container\" data-e-type=\"container\">\n\t\t\t\t<div class=\"elementor-element elementor-element-fb067f2 elementor-widget elementor-widget-image\" data-id=\"fb067f2\" data-element_type=\"widget\" data-e-type=\"widget\" data-widget_type=\"image.default\">\n\t\t\t\t<div class=\"elementor-widget-container\">\n\t\t\t\t\t\t\t\t\t\t\t\t\t\t\t<img decoding=\"async\" width=\"300\" height=\"300\" src=\"https:\/\/walden-holding.de\/wp-content\/uploads\/2022\/11\/CIRCULARE-300x300.png\" class=\"attachment-medium size-medium wp-image-668\" alt=\"\" srcset=\"https:\/\/walden-holding.de\/wp-content\/uploads\/2022\/11\/CIRCULARE-300x300.png 300w, https:\/\/walden-holding.de\/wp-content\/uploads\/2022\/11\/CIRCULARE-1024x1024.png 1024w, https:\/\/walden-holding.de\/wp-content\/uploads\/2022\/11\/CIRCULARE-150x150.png 150w, https:\/\/walden-holding.de\/wp-content\/uploads\/2022\/11\/CIRCULARE-768x768.png 768w, https:\/\/walden-holding.de\/wp-content\/uploads\/2022\/11\/CIRCULARE.png 1200w\" sizes=\"(max-width: 300px) 100vw, 300px\" \/>\t\t\t\t\t\t\t\t\t\t\t\t\t\t\t<\/div>\n\t\t\t\t<\/div>\n\t\t\t\t<\/div>\n\t\t\t\t\t<\/div>\n\t\t\t\t<\/div>\n\t\t<div class=\"elementor-element elementor-element-3d2ea01 e-flex e-con-boxed e-con e-parent\" data-id=\"3d2ea01\" data-element_type=\"container\" data-e-type=\"container\">\n\t\t\t\t\t<div class=\"e-con-inner\">\n\t\t<div class=\"elementor-element elementor-element-dcfd8a8 e-con-full e-flex e-con e-child\" data-id=\"dcfd8a8\" data-element_type=\"container\" data-e-type=\"container\">\n\t\t\t\t<div class=\"elementor-element elementor-element-a272a88 elementor-widget elementor-widget-image\" data-id=\"a272a88\" data-element_type=\"widget\" data-e-type=\"widget\" data-widget_type=\"image.default\">\n\t\t\t\t<div class=\"elementor-widget-container\">\n\t\t\t\t\t\t\t\t\t\t\t\t\t\t\t<img decoding=\"async\" width=\"300\" height=\"300\" src=\"https:\/\/walden-holding.de\/wp-content\/uploads\/2022\/11\/blockchain-300x300.png\" class=\"attachment-medium size-medium wp-image-699\" alt=\"\" srcset=\"https:\/\/walden-holding.de\/wp-content\/uploads\/2022\/11\/blockchain-300x300.png 300w, https:\/\/walden-holding.de\/wp-content\/uploads\/2022\/11\/blockchain-1024x1024.png 1024w, https:\/\/walden-holding.de\/wp-content\/uploads\/2022\/11\/blockchain-150x150.png 150w, https:\/\/walden-holding.de\/wp-content\/uploads\/2022\/11\/blockchain-768x768.png 768w, https:\/\/walden-holding.de\/wp-content\/uploads\/2022\/11\/blockchain-1536x1536.png 1536w, https:\/\/walden-holding.de\/wp-content\/uploads\/2022\/11\/blockchain.png 2000w\" sizes=\"(max-width: 300px) 100vw, 300px\" \/>\t\t\t\t\t\t\t\t\t\t\t\t\t\t\t<\/div>\n\t\t\t\t<\/div>\n\t\t\t\t<\/div>\n\t\t<div class=\"elementor-element elementor-element-904917d e-con-full e-flex e-con e-child\" data-id=\"904917d\" data-element_type=\"container\" data-e-type=\"container\">\n\t\t\t\t<div class=\"elementor-element elementor-element-2662642 elementor-widget elementor-widget-heading\" data-id=\"2662642\" data-element_type=\"widget\" data-e-type=\"widget\" data-widget_type=\"heading.default\">\n\t\t\t\t<div class=\"elementor-widget-container\">\n\t\t\t\t\t<h2 class=\"elementor-heading-title elementor-size-default\">Aktuelle Herausforderungen<\/h2>\t\t\t\t<\/div>\n\t\t\t\t<\/div>\n\t\t\t\t<div class=\"elementor-element elementor-element-dc14d6d elementor-widget elementor-widget-text-editor\" data-id=\"dc14d6d\" data-element_type=\"widget\" data-e-type=\"widget\" data-widget_type=\"text-editor.default\">\n\t\t\t\t<div class=\"elementor-widget-container\">\n\t\t\t\t\t\t\t\t\t<p>Viele Unternehmen wollen klimaneutral werden. Das fordert sie auf vielen Ebenen. Sie m\u00fcssen nicht nur die Digitalisierung vorantreiben, sondern auch neue Technologien wie KI und Blockchain nutzen. Wie das alles bew\u00e4ltigen \u2013 und zwar m\u00f6glichst schnell? Vor allem mittelst\u00e4ndische Unternehmen m\u00fcssen \u00fcber Wettbewerbsgrenzen hinweg die Zusammenarbeit suchen, damit sie die Standards aus Lieferkettengesetz und andere Vorschriften erf\u00fcllen k\u00f6nnen.<\/p>\t\t\t\t\t\t\t\t<\/div>\n\t\t\t\t<\/div>\n\t\t\t\t<\/div>\n\t\t\t\t\t<\/div>\n\t\t\t\t<\/div>\n\t\t<div class=\"elementor-element elementor-element-3470106 elementor-hidden-desktop e-flex e-con-boxed e-con e-parent\" data-id=\"3470106\" data-element_type=\"container\" data-e-type=\"container\" data-settings=\"{&quot;background_background&quot;:&quot;classic&quot;}\">\n\t\t\t\t\t<div class=\"e-con-inner\">\n\t\t\t\t<div class=\"elementor-element elementor-element-25a7a8b elementor-widget elementor-widget-heading\" data-id=\"25a7a8b\" data-element_type=\"widget\" data-e-type=\"widget\" data-widget_type=\"heading.default\">\n\t\t\t\t<div class=\"elementor-widget-container\">\n\t\t\t\t\t<h2 class=\"elementor-heading-title elementor-size-default\">Meine Vision<\/h2>\t\t\t\t<\/div>\n\t\t\t\t<\/div>\n\t\t\t\t<div class=\"elementor-element elementor-element-0e5f99c elementor-widget elementor-widget-text-editor\" data-id=\"0e5f99c\" data-element_type=\"widget\" data-e-type=\"widget\" data-widget_type=\"text-editor.default\">\n\t\t\t\t<div class=\"elementor-widget-container\">\n\t\t\t\t\t\t\t\t\t<p class=\"paragraph\"><span class=\"normaltextrun\"><span lang=\"EN-US\">Germany is the country of world market leaders. High-precision products, tailored to the needs of customers, often with exorbitant complexity. Our most valuable resource is our inventive spirit \u2212 that is &#8220;made in Germany.&#8221;\u00a0<\/span><\/span><span class=\"normaltextrun\"><span lang=\"EN-US\">\u00a0<\/span><\/span><\/p><p class=\"paragraph\"><span class=\"normaltextrun\"><span lang=\"EN-US\">\u00a0<\/span><\/span><span class=\"normaltextrun\"><span lang=\"EN-US\">Mein Zukunftsbild ist eine Wirtschaft und ein Konsumverhalten in Balance mit Natur und Gesellschaft. Hersteller und Konsumenten haben gelernt, Grenzen zu respektieren und sich ihnen anzupassen.\u00a0<\/span><\/span><span class=\"normaltextrun\"><span lang=\"EN-US\">\u00a0<\/span><\/span><\/p><p class=\"paragraph\"><span class=\"normaltextrun\"><span lang=\"EN-US\">Deutschland ist das Land der Weltmarktf\u00fchrer. Hochpr\u00e4zise Produkte, ma\u00dfgeschneidert auf die Bedarfe der Kunden, oft in einer exorbitanten Komplexit\u00e4t. Unsere wertvollste Ressource ist unser Erfindergeist \u2212 das ist \u201emade in Germany\u201c.\u00a0<\/span><\/span><\/p>\t\t\t\t\t\t\t\t<\/div>\n\t\t\t\t<\/div>\n\t\t\t\t<div class=\"elementor-element elementor-element-89e176b elementor-widget__width-initial elementor-widget elementor-widget-text-editor\" data-id=\"89e176b\" data-element_type=\"widget\" data-e-type=\"widget\" data-widget_type=\"text-editor.default\">\n\t\t\t\t<div class=\"elementor-widget-container\">\n\t\t\t\t\t\t\t\t\t<p class=\"paragraph\"><span class=\"normaltextrun\"><span lang=\"EN-US\">\u00a0\u201c<\/span><\/span><span class=\"normaltextrun\"><span lang=\"EN-US\">Wir m\u00fcssen lernen in unseren Grenzen zu leben \u2013 und zu wirtschaften.\u201c<\/span><\/span><span class=\"normaltextrun\"><span lang=\"EN-US\">\u00a0<\/span><\/span><\/p>\t\t\t\t\t\t\t\t<\/div>\n\t\t\t\t<\/div>\n\t\t\t\t<div class=\"elementor-element elementor-element-0f2459e elementor-widget elementor-widget-text-editor\" data-id=\"0f2459e\" data-element_type=\"widget\" data-e-type=\"widget\" data-widget_type=\"text-editor.default\">\n\t\t\t\t<div class=\"elementor-widget-container\">\n\t\t\t\t\t\t\t\t\t<p class=\"paragraph\"><span class=\"normaltextrun\"><span lang=\"EN-US\">Ein Weg zu einer nachhaltigeren Wirtschaft geht \u00fcber einfachere und langlebigere Produkte. Dazu m\u00fcssen Produkte durchleuchtet, analysiert und diagnostiziert werden. Deshalb arbeite ich am digitalen Produktpass. Die bisherige kundenzentrierte Perspektive muss ersetzt werden durch einen radikalen Nachhaltigkeitsfokus \u2013 bei Produkten, bei Gesch\u00e4ftsmodellen, bei Gesetzesvorgaben. Mein Credo ist: maximale Simplifizierung.<\/span><\/span><span class=\"normaltextrun\"><span lang=\"EN-US\">\u00a0<\/span><\/span><\/p><p class=\"paragraph\"><span class=\"normaltextrun\"><span lang=\"EN-US\">Immer mehr geht nicht. Das bedeutet nicht zwangsl\u00e4ufig Verzicht. Vielmehr werden wir neu bestimmen m\u00fcssen, was zufrieden macht. Dieser Wandel im Denken und Verhalten ist f\u00fcr uns alle der vielleicht gr\u00f6\u00dfte Kraftakt in der Geschichte der Industrialisierung und des Kapitalismus.<\/span><\/span><span class=\"normaltextrun\"><span lang=\"EN-US\">\u00a0<\/span><\/span><\/p><p class=\"paragraph\"><span class=\"normaltextrun\"><span lang=\"EN-US\">Das k\u00f6nnen wir erreichen, wenn wir unsere wertvollste Ressource nutzen \u2013 unsere Cleverness, Ideenreichtum und unsere Ingenieurskunst.<\/span><\/span><\/p>\t\t\t\t\t\t\t\t<\/div>\n\t\t\t\t<\/div>\n\t\t\t\t\t<\/div>\n\t\t\t\t<\/div>\n\t\t<div class=\"elementor-element elementor-element-41c8157 elementor-hidden-tablet elementor-hidden-mobile e-flex e-con-boxed e-con e-parent\" data-id=\"41c8157\" data-element_type=\"container\" data-e-type=\"container\" data-settings=\"{&quot;background_background&quot;:&quot;classic&quot;}\">\n\t\t\t\t\t<div class=\"e-con-inner\">\n\t\t<div class=\"elementor-element elementor-element-9fa3bc0 e-con-full e-flex e-con e-child\" data-id=\"9fa3bc0\" data-element_type=\"container\" data-e-type=\"container\">\n\t\t\t\t<div class=\"elementor-element elementor-element-f0ecc25 elementor-widget elementor-widget-heading\" data-id=\"f0ecc25\" data-element_type=\"widget\" data-e-type=\"widget\" data-widget_type=\"heading.default\">\n\t\t\t\t<div class=\"elementor-widget-container\">\n\t\t\t\t\t<h2 class=\"elementor-heading-title elementor-size-default\">Meine Vision<\/h2>\t\t\t\t<\/div>\n\t\t\t\t<\/div>\n\t\t\t\t<div class=\"elementor-element elementor-element-54f8547 elementor-widget elementor-widget-text-editor\" data-id=\"54f8547\" data-element_type=\"widget\" data-e-type=\"widget\" data-widget_type=\"text-editor.default\">\n\t\t\t\t<div class=\"elementor-widget-container\">\n\t\t\t\t\t\t\t\t\t<p class=\"paragraph\"><span class=\"normaltextrun\"><span lang=\"EN-US\">Germany is the country of world market leaders. High-precision products, tailored to the needs of customers, often with exorbitant complexity. Our most valuable resource is our inventive spirit \u2212 that is &#8220;made in Germany.&#8221;\u00a0<\/span><\/span><span class=\"normaltextrun\"><span lang=\"EN-US\">\u00a0<\/span><\/span><\/p><p class=\"paragraph\"><span class=\"normaltextrun\"><span lang=\"EN-US\">Mein Zukunftsbild ist eine Wirtschaft und ein Konsumverhalten in Balance mit Natur und Gesellschaft. Hersteller und Konsumenten haben gelernt, Grenzen zu respektieren und sich ihnen anzupassen.\u00a0<\/span><\/span><span class=\"normaltextrun\"><span lang=\"EN-US\">\u00a0<\/span><\/span><\/p><p class=\"paragraph\"><span class=\"normaltextrun\"><span lang=\"EN-US\">Deutschland ist das Land der Weltmarktf\u00fchrer. Hochpr\u00e4zise Produkte, ma\u00dfgeschneidert auf die Bedarfe der Kunden, oft in einer exorbitanten Komplexit\u00e4t. Unsere wertvollste Ressource ist unser Erfindergeist \u2212 das ist \u201emade in Germany\u201c.\u00a0<\/span><\/span><span class=\"normaltextrun\"><span lang=\"EN-US\">\u00a0<\/span><\/span><\/p><p class=\"paragraph\"><span class=\"normaltextrun\"><span lang=\"EN-US\">Ein Weg zu einer nachhaltigeren Wirtschaft geht \u00fcber einfachere und langlebigere Produkte. Dazu m\u00fcssen Produkte durchleuchtet, analysiert und diagnostiziert werden. Deshalb arbeite ich am digitalen Produktpass. Die bisherige kundenzentrierte Perspektive muss ersetzt werden durch einen radikalen Nachhaltigkeitsfokus \u2013 bei Produkten, bei Gesch\u00e4ftsmodellen, bei Gesetzesvorgaben. Mein Credo ist: maximale Simplifizierung.<\/span><\/span><span class=\"normaltextrun\"><span lang=\"EN-US\">\u00a0<\/span><\/span><\/p><p class=\"paragraph\"><span class=\"normaltextrun\"><span lang=\"EN-US\">Immer mehr geht nicht. Das bedeutet nicht zwangsl\u00e4ufig Verzicht. Vielmehr werden wir neu bestimmen m\u00fcssen, was zufrieden macht. Dieser Wandel im Denken und Verhalten ist f\u00fcr uns alle der vielleicht gr\u00f6\u00dfte Kraftakt in der Geschichte der Industrialisierung und des Kapitalismus.<\/span><\/span><span class=\"normaltextrun\"><span lang=\"EN-US\">\u00a0<\/span><\/span><\/p><p class=\"paragraph\"><span class=\"normaltextrun\"><span lang=\"EN-US\">Das k\u00f6nnen wir erreichen, wenn wir unsere wertvollste Ressource nutzen \u2013 unsere Cleverness, Ideenreichtum und unsere Ingenieurskunst.<\/span><\/span><\/p>\t\t\t\t\t\t\t\t<\/div>\n\t\t\t\t<\/div>\n\t\t\t\t<\/div>\n\t\t<div class=\"elementor-element elementor-element-9ab85a7 e-con-full e-flex e-con e-child\" data-id=\"9ab85a7\" data-element_type=\"container\" data-e-type=\"container\">\n\t\t\t\t<div class=\"elementor-element elementor-element-84c3a29 elementor-widget__width-initial elementor-widget elementor-widget-text-editor\" data-id=\"84c3a29\" data-element_type=\"widget\" data-e-type=\"widget\" data-widget_type=\"text-editor.default\">\n\t\t\t\t<div class=\"elementor-widget-container\">\n\t\t\t\t\t\t\t\t\t<p class=\"paragraph\"><span class=\"normaltextrun\"><span lang=\"EN-US\">\u00a0\u201c<\/span><\/span><span class=\"normaltextrun\"><span lang=\"EN-US\">Wir m\u00fcssen lernen in unseren Grenzen zu leben \u2013 und zu wirtschaften.\u201c<\/span><\/span><span class=\"normaltextrun\"><span lang=\"EN-US\">\u00a0<\/span><\/span><\/p>\t\t\t\t\t\t\t\t<\/div>\n\t\t\t\t<\/div>\n\t\t\t\t<\/div>\n\t\t\t\t\t<\/div>\n\t\t\t\t<\/div>\n\t\t<div class=\"elementor-element elementor-element-999c597 e-flex e-con-boxed e-con e-parent\" data-id=\"999c597\" data-element_type=\"container\" data-e-type=\"container\">\n\t\t\t\t\t<div class=\"e-con-inner\">\n\t\t<div class=\"elementor-element elementor-element-09b1424 e-con-full e-flex e-con e-child\" data-id=\"09b1424\" data-element_type=\"container\" data-e-type=\"container\">\n\t\t\t\t<div class=\"elementor-element elementor-element-496ece6 elementor-widget elementor-widget-spacer\" data-id=\"496ece6\" data-element_type=\"widget\" data-e-type=\"widget\" data-widget_type=\"spacer.default\">\n\t\t\t\t<div class=\"elementor-widget-container\">\n\t\t\t\t\t\t\t<div class=\"elementor-spacer\">\n\t\t\t<div class=\"elementor-spacer-inner\"><\/div>\n\t\t<\/div>\n\t\t\t\t\t\t<\/div>\n\t\t\t\t<\/div>\n\t\t\t\t<div class=\"elementor-element elementor-element-2fde1b7 elementor-widget__width-inherit elementor-widget elementor-widget-heading\" data-id=\"2fde1b7\" data-element_type=\"widget\" data-e-type=\"widget\" data-widget_type=\"heading.default\">\n\t\t\t\t<div class=\"elementor-widget-container\">\n\t\t\t\t\t<h2 class=\"elementor-heading-title elementor-size-default\">Schreiben Sie uns<\/h2>\t\t\t\t<\/div>\n\t\t\t\t<\/div>\n\t\t\t\t<div class=\"elementor-element elementor-element-a4db317 elementor-widget elementor-widget-wp-widget-forminator_widget\" data-id=\"a4db317\" data-element_type=\"widget\" data-e-type=\"widget\" data-widget_type=\"wp-widget-forminator_widget.default\">\n\t\t\t\t<div class=\"elementor-widget-container\">\n\t\t\t\t\t<form id=\"forminator-module-2107\" class=\"forminator-custom-form forminator-custom-form-2107\" method=\"post\" data-forminator-render=\"0\" data-uid=\"69d2e878725f2\" action=\"\"><div role=\"alert\" aria-live=\"polite\" class=\"forminator-response-message forminator-error\" aria-hidden=\"true\"><\/div><input type=\"hidden\" name=\"trp-form-language\" value=\"de\"\/><\/form>\t\t\t\t<\/div>\n\t\t\t\t<\/div>\n\t\t\t\t<div class=\"elementor-element elementor-element-285a294 elementor-widget elementor-widget-spacer\" data-id=\"285a294\" data-element_type=\"widget\" data-e-type=\"widget\" data-widget_type=\"spacer.default\">\n\t\t\t\t<div class=\"elementor-widget-container\">\n\t\t\t\t\t\t\t<div class=\"elementor-spacer\">\n\t\t\t<div class=\"elementor-spacer-inner\"><\/div>\n\t\t<\/div>\n\t\t\t\t\t\t<\/div>\n\t\t\t\t<\/div>\n\t\t\t\t<\/div>\n\t\t\t\t\t<\/div>\n\t\t\t\t<\/div>\n\t\t\t\t<\/div>","protected":false},"excerpt":{"rendered":"<p>\u201cTransformation takes courage and mindset.\u201d Tackle and overcome boundaries As a multi-entrepreneur, I know all aspects of business. My sensors are configured for product innovation as well as business necessity. I place a special focus on culture, which is the foundation of successful and sustainable corporate development. Entrepreneurship has shaped my life for 30 years. [&hellip;]<\/p>\n","protected":false},"author":1,"featured_media":0,"parent":0,"menu_order":0,"comment_status":"closed","ping_status":"closed","template":"","meta":{"content-type":"","footnotes":""},"class_list":["post-38","page","type-page","status-publish","hentry"],"_links":{"self":[{"href":"https:\/\/walden-holding.de\/de\/wp-json\/wp\/v2\/pages\/38","targetHints":{"allow":["GET"]}}],"collection":[{"href":"https:\/\/walden-holding.de\/de\/wp-json\/wp\/v2\/pages"}],"about":[{"href":"https:\/\/walden-holding.de\/de\/wp-json\/wp\/v2\/types\/page"}],"author":[{"embeddable":true,"href":"https:\/\/walden-holding.de\/de\/wp-json\/wp\/v2\/users\/1"}],"replies":[{"embeddable":true,"href":"https:\/\/walden-holding.de\/de\/wp-json\/wp\/v2\/comments?post=38"}],"version-history":[{"count":202,"href":"https:\/\/walden-holding.de\/de\/wp-json\/wp\/v2\/pages\/38\/revisions"}],"predecessor-version":[{"id":2140,"href":"https:\/\/walden-holding.de\/de\/wp-json\/wp\/v2\/pages\/38\/revisions\/2140"}],"wp:attachment":[{"href":"https:\/\/walden-holding.de\/de\/wp-json\/wp\/v2\/media?parent=38"}],"curies":[{"name":"wp","href":"https:\/\/api.w.org\/{rel}","templated":true}]}}