{"id":226,"date":"2022-09-29T16:06:19","date_gmt":"2022-09-29T14:06:19","guid":{"rendered":"http:\/\/walden-holding.de\/\/?page_id=226"},"modified":"2026-04-02T11:09:06","modified_gmt":"2026-04-02T09:09:06","slug":"impressum","status":"publish","type":"page","link":"https:\/\/walden-holding.de\/de\/impressum\/","title":{"rendered":"Impressum"},"content":{"rendered":"<div data-elementor-type=\"wp-page\" data-elementor-id=\"226\" class=\"elementor elementor-226\" data-elementor-post-type=\"page\">\n\t\t\t\t<div class=\"elementor-element elementor-element-a0b2edd e-flex e-con-boxed e-con e-parent\" data-id=\"a0b2edd\" data-element_type=\"container\" data-e-type=\"container\">\n\t\t\t\t\t<div class=\"e-con-inner\">\n\t\t\t\t<div class=\"elementor-element elementor-element-cbd1a13 elementor-widget__width-inherit elementor-widget elementor-widget-heading\" data-id=\"cbd1a13\" data-element_type=\"widget\" data-e-type=\"widget\" data-widget_type=\"heading.default\">\n\t\t\t\t<div class=\"elementor-widget-container\">\n\t\t\t\t\t<h2 class=\"elementor-heading-title elementor-size-default\">Impressum<\/h2>\t\t\t\t<\/div>\n\t\t\t\t<\/div>\n\t\t\t\t<div class=\"elementor-element elementor-element-a0b1ace elementor-widget elementor-widget-text-editor\" data-id=\"a0b1ace\" data-element_type=\"widget\" data-e-type=\"widget\" data-widget_type=\"text-editor.default\">\n\t\t\t\t<div class=\"elementor-widget-container\">\n\t\t\t\t\t\t\t\t\t<p><strong>Walden Holding GmbH<\/strong><\/p><p>Vertreten durch den Gesch\u00e4ftsf\u00fchrer J\u00f6rg Walden<\/p><p><span style=\"text-align: start;\">Amtsgericht Stuttgart &#8211;\u00a0<\/span><span style=\"text-align: start;\">HRB 755202<\/span><\/p><p>Ulmer Str. 81<br \/>72555 Metzingen<br \/>Deutschland<\/p><p><a title=\"mailto:info@walden-holding.de\" contenteditable=\"false\" href=\"mailto:info@walden-holding.de\">info@walden-holding.de<\/a><br \/><span style=\"text-align: start;\">+49 7123 3049975<\/span><\/p>\t\t\t\t\t\t\t\t<\/div>\n\t\t\t\t<\/div>\n\t\t\t\t\t<\/div>\n\t\t\t\t<\/div>\n\t\t\t\t<\/div>","protected":false},"excerpt":{"rendered":"<p>Imprint Walden Holding GmbH Represented by J\u00f6rg Walden, CEO Amtsgericht Stuttgart &#8211;\u00a0HRB 755202 Ulmer Str. 8172555 MetzingenGermany info@walden-holding.de+49 7123 3049975<\/p>","protected":false},"author":1,"featured_media":0,"parent":0,"menu_order":0,"comment_status":"closed","ping_status":"closed","template":"","meta":{"content-type":"","footnotes":""},"class_list":["post-226","page","type-page","status-publish","hentry"],"_links":{"self":[{"href":"https:\/\/walden-holding.de\/de\/wp-json\/wp\/v2\/pages\/226","targetHints":{"allow":["GET"]}}],"collection":[{"href":"https:\/\/walden-holding.de\/de\/wp-json\/wp\/v2\/pages"}],"about":[{"href":"https:\/\/walden-holding.de\/de\/wp-json\/wp\/v2\/types\/page"}],"author":[{"embeddable":true,"href":"https:\/\/walden-holding.de\/de\/wp-json\/wp\/v2\/users\/1"}],"replies":[{"embeddable":true,"href":"https:\/\/walden-holding.de\/de\/wp-json\/wp\/v2\/comments?post=226"}],"version-history":[{"count":43,"href":"https:\/\/walden-holding.de\/de\/wp-json\/wp\/v2\/pages\/226\/revisions"}],"predecessor-version":[{"id":2258,"href":"https:\/\/walden-holding.de\/de\/wp-json\/wp\/v2\/pages\/226\/revisions\/2258"}],"wp:attachment":[{"href":"https:\/\/walden-holding.de\/de\/wp-json\/wp\/v2\/media?parent=226"}],"curies":[{"name":"wp","href":"https:\/\/api.w.org\/{rel}","templated":true}]}}